{"id":530,"date":"2021-05-18T10:18:10","date_gmt":"2021-05-18T08:18:10","guid":{"rendered":"https:\/\/zgmopoczno.pl\/?page_id=530"},"modified":"2021-05-18T11:24:56","modified_gmt":"2021-05-18T09:24:56","slug":"ogloszenie-2","status":"publish","type":"page","link":"https:\/\/zgmopoczno.pl\/index.php\/ogloszenie-2\/","title":{"rendered":"ogloszenie"},"content":{"rendered":"\t\t<div data-elementor-type=\"wp-post\" data-elementor-id=\"530\" class=\"elementor elementor-530\" data-elementor-settings=\"[]\">\n\t\t\t\t\t\t<div class=\"elementor-inner\">\n\t\t\t\t\t\t\t<div class=\"elementor-section-wrap\">\n\t\t\t\t\t\t\t<section class=\"elementor-section elementor-top-section elementor-element elementor-element-73154f7 elementor-section-boxed elementor-section-height-default elementor-section-height-default\" data-id=\"73154f7\" data-element_type=\"section\">\n\t\t\t\t\t\t<div class=\"elementor-container elementor-column-gap-default\">\n\t\t\t\t\t\t\t<div class=\"elementor-row\">\n\t\t\t\t\t<div class=\"elementor-column elementor-col-100 elementor-top-column elementor-element elementor-element-ea3aab4\" data-id=\"ea3aab4\" data-element_type=\"column\">\n\t\t\t<div class=\"elementor-column-wrap elementor-element-populated\">\n\t\t\t\t\t\t\t<div class=\"elementor-widget-wrap\">\n\t\t\t\t\t\t<div class=\"elementor-element elementor-element-585f21a elementor-widget elementor-widget-image\" data-id=\"585f21a\" data-element_type=\"widget\" data-widget_type=\"image.default\">\n\t\t\t\t<div class=\"elementor-widget-container\">\n\t\t\t\t\t<div class=\"elementor-image\">\n\t\t\t\t\t\t\t\t\t\t<img width=\"300\" height=\"175\" src=\"https:\/\/zgmopoczno.pl\/wp-content\/uploads\/2021\/05\/pge-300x175.jpg\" class=\"attachment-medium size-medium\" alt=\"\" loading=\"lazy\" srcset=\"https:\/\/zgmopoczno.pl\/wp-content\/uploads\/2021\/05\/pge-300x175.jpg 300w, https:\/\/zgmopoczno.pl\/wp-content\/uploads\/2021\/05\/pge-768x448.jpg 768w, https:\/\/zgmopoczno.pl\/wp-content\/uploads\/2021\/05\/pge.jpg 969w\" sizes=\"(max-width: 300px) 100vw, 300px\" \/>\t\t\t\t\t\t\t\t\t\t\t<\/div>\n\t\t\t\t<\/div>\n\t\t\t\t<\/div>\n\t\t\t\t<div class=\"elementor-element elementor-element-b076647 elementor-widget elementor-widget-heading\" data-id=\"b076647\" data-element_type=\"widget\" data-widget_type=\"heading.default\">\n\t\t\t\t<div class=\"elementor-widget-container\">\n\t\t\t<h2 class=\"elementor-heading-title elementor-size-default\">Przerwy w dostawie energii elektrycznej<\/h2>\t\t<\/div>\n\t\t\t\t<\/div>\n\t\t\t\t<div class=\"elementor-element elementor-element-b83254c elementor-widget elementor-widget-text-editor\" data-id=\"b83254c\" data-element_type=\"widget\" data-widget_type=\"text-editor.default\">\n\t\t\t\t<div class=\"elementor-widget-container\">\n\t\t\t\t\t<div class=\"elementor-text-editor elementor-clearfix\"><div class=\"news_kultura\"><div class=\"news_caption\"><h4 class=\"news_lead\" style=\"text-align: left;\">Rejon Energetyczny Tomasz\u00f3w Maz. zawiadamia, \u017ce w zwi\u0105zku z pracami eksploatacyjnymi nast\u0105pi\u0105 przerwy w dostawie energii elektrycznej w miejscowo\u015bciach:<\/h4><\/div><\/div><div style=\"text-align: left;\">\u00a0<\/div><div class=\"news_content\"><div style=\"text-align: left;\"><strong>25.05.2021 r. w godz. 8<sup>00<\/sup>-16<sup>00<\/sup><\/strong><\/div><div style=\"text-align: left;\">Bielowice dz. 1482.1481\/2, 1594, 1480, 1592<\/div><div style=\"text-align: left;\">\u00a0<\/div><div style=\"text-align: left;\"><strong>26.05.2021 r. w godz. 8<sup>00<\/sup>-15<sup>00<\/sup><\/strong><\/div><div style=\"text-align: left;\">Opoczno: ul. Drzyma\u0142y; ul. Targowa; ul. Staromiejska 1-17, 39, 72, 203; ul. Jansa; ul. Ko\u015bcielna; ul. Genera\u0142a Kazimierza\u00a0 Bo\u0144czy Za\u0142\u0119skiego 11-13;<\/div><div style=\"text-align: left;\">ul. Stanis\u0142awa Kowalskiego; Plac Ko\u015bciuszki 1. 17-20; Plac Zamkowy; Aleja Sportowa; ul. Szewska; ul. W\u0105ska; ul. Zjazdowa; ul. 1 Maja; ul. Cicha;<\/div><div style=\"text-align: left;\">ul. Spokojna; ul. Szpitalna; ul. Wa\u0142owa 13B<\/div><div style=\"text-align: left;\">\u00a0<\/div><div style=\"text-align: left;\"><strong>27.05.2021 r. w godz. 8<sup>00<\/sup>-15<sup>00<\/sup><\/strong><\/div><div style=\"text-align: left;\">Opoczno: ul. Kamienna; ul. Limanowskiego; ul. \u0141azienna; ul. Mostowa; ul. Partyzant\u00f3w (od ulicy Piotrkowskiej do tor\u00f3w PKP); ul. Robotnicza;<\/div><div style=\"text-align: left;\">ul. Skalna; ul. Wapienna; ul. Dzia\u0142kowa; ul. Kuligowska<\/div><div style=\"text-align: left;\">\u00a0<\/div><div style=\"text-align: left;\"><span style=\"text-decoration: underline;\"><em>Dodatkowe informacje mo\u017cna uzyska\u0107 pod bezp\u0142atnym numerem tel. 991 lub na stronie internetowej:<\/em><\/span><\/div><div style=\"text-align: left;\"><a href=\"https:\/\/pgedystrybucja.pl\/strefa-klienta\/planowane-wylaczenia\" target=\"_blank\" rel=\"noopener\"><span style=\"text-decoration: underline;\"><em>https:\/\/pgedystrybucja.pl\/strefa-klienta\/planowane-wylaczenia<\/em><\/span><\/a><\/div><div>\u00a0<\/div><\/div><div><span style=\"text-decoration: underline;\"><strong>KONTAKT TELEFONICZNY DOST\u0118PNY W DNIU 26.05.2021r. WY\u0141\u0104CZNIE POD NUMERAMI:<\/strong><\/span><\/div><div>Dzia\u0142 techniczny: 664 788 458 \/ 509 742 486<\/div><div>Dzia\u0142 gospodarczy: 500 081 728<\/div><div>\u00a0<\/div><div>Awarie:<\/div><div>Elektryczne: 502 143 905<\/div><div>Hydrauliczne 502 143 906<\/div><div>O\u015bwietlenie uliczne: 501 180 151<\/div><\/div>\n\t\t\t\t<\/div>\n\t\t\t\t<\/div>\n\t\t\t\t\t\t<\/div>\n\t\t\t\t\t<\/div>\n\t\t<\/div>\n\t\t\t\t\t\t\t\t<\/div>\n\t\t\t\t\t<\/div>\n\t\t<\/section>\n\t\t\t\t\t\t<\/div>\n\t\t\t\t\t\t<\/div>\n\t\t\t\t\t<\/div>\n\t\t","protected":false},"excerpt":{"rendered":"<p>Przerwy w dostawie energii elektrycznej Rejon Energetyczny Tomasz\u00f3w Maz. zawiadamia, \u017ce w zwi\u0105zku z pracami eksploatacyjnymi nast\u0105pi\u0105 przerwy w dostawie energii elektrycznej w miejscowo\u015bciach: \u00a025.05.2021 r. w godz. 800-1600Bielowice dz. 1482.1481\/2, 1594, 1480, 1592\u00a026.05.2021 r. w godz. 800-1500Opoczno: ul. Drzyma\u0142y; ul. Targowa; ul. Staromiejska 1-17, 39, 72, 203; ul. Jansa; ul. Ko\u015bcielna; ul. Genera\u0142a Kazimierza\u00a0 Bo\u0144czy Za\u0142\u0119skiego 11-13;ul. Stanis\u0142awa Kowalskiego; Plac Ko\u015bciuszki 1. 17-20; Plac Zamkowy; Aleja Sportowa; ul. Szewska; ul. W\u0105ska; ul. Zjazdowa; ul. 1 Maja; ul. Cicha;ul. Spokojna; ul. Szpitalna; ul. Wa\u0142owa 13B\u00a027.05.2021 r. w godz. 800-1500Opoczno: ul. Kamienna; ul. Limanowskiego; ul. \u0141azienna; ul. Mostowa; ul. Partyzant\u00f3w (od ulicy Piotrkowskiej do tor\u00f3w PKP); ul. Robotnicza;ul. Skalna; ul. Wapienna; ul. Dzia\u0142kowa; ul. Kuligowska\u00a0Dodatkowe informacje mo\u017cna uzyska\u0107 pod bezp\u0142atnym numerem tel. 991 lub na stronie internetowej:https:\/\/pgedystrybucja.pl\/strefa-klienta\/planowane-wylaczenia\u00a0KONTAKT TELEFONICZNY DOST\u0118PNY W DNIU 26.05.2021r. WY\u0141\u0104CZNIE POD NUMERAMI:Dzia\u0142 techniczny: 664 788 458 \/ 509 742 486Dzia\u0142 gospodarczy: 500 081 728\u00a0Awarie:Elektryczne: 502 143 905Hydrauliczne 502&hellip;<\/p>\n<p> <a class=\"more-link\" href=\"https:\/\/zgmopoczno.pl\/index.php\/ogloszenie-2\/\">Czytaj dalej<\/a><\/p>\n","protected":false},"author":1,"featured_media":0,"parent":0,"menu_order":0,"comment_status":"closed","ping_status":"closed","template":"","meta":[],"_links":{"self":[{"href":"https:\/\/zgmopoczno.pl\/index.php\/wp-json\/wp\/v2\/pages\/530"}],"collection":[{"href":"https:\/\/zgmopoczno.pl\/index.php\/wp-json\/wp\/v2\/pages"}],"about":[{"href":"https:\/\/zgmopoczno.pl\/index.php\/wp-json\/wp\/v2\/types\/page"}],"author":[{"embeddable":true,"href":"https:\/\/zgmopoczno.pl\/index.php\/wp-json\/wp\/v2\/users\/1"}],"replies":[{"embeddable":true,"href":"https:\/\/zgmopoczno.pl\/index.php\/wp-json\/wp\/v2\/comments?post=530"}],"version-history":[{"count":11,"href":"https:\/\/zgmopoczno.pl\/index.php\/wp-json\/wp\/v2\/pages\/530\/revisions"}],"predecessor-version":[{"id":563,"href":"https:\/\/zgmopoczno.pl\/index.php\/wp-json\/wp\/v2\/pages\/530\/revisions\/563"}],"wp:attachment":[{"href":"https:\/\/zgmopoczno.pl\/index.php\/wp-json\/wp\/v2\/media?parent=530"}],"curies":[{"name":"wp","href":"https:\/\/api.w.org\/{rel}","templated":true}]}}