{"id":50,"date":"2021-03-29T10:12:17","date_gmt":"2021-03-29T10:12:17","guid":{"rendered":"https:\/\/zgmopoczno.pl\/?page_id=50"},"modified":"2024-11-05T12:26:51","modified_gmt":"2024-11-05T10:26:51","slug":"kontakt-do-dzialow","status":"publish","type":"page","link":"https:\/\/zgmopoczno.pl\/index.php\/kontakt-do-dzialow\/","title":{"rendered":"KONTAKT"},"content":{"rendered":"\t\t<div data-elementor-type=\"wp-page\" data-elementor-id=\"50\" class=\"elementor elementor-50\" data-elementor-settings=\"[]\">\n\t\t\t\t\t\t<div class=\"elementor-inner\">\n\t\t\t\t\t\t\t<div class=\"elementor-section-wrap\">\n\t\t\t\t\t\t\t<section class=\"elementor-section elementor-top-section elementor-element elementor-element-de15dea elementor-section-boxed elementor-section-height-default elementor-section-height-default\" data-id=\"de15dea\" data-element_type=\"section\">\n\t\t\t\t\t\t<div class=\"elementor-container elementor-column-gap-default\">\n\t\t\t\t\t\t\t<div class=\"elementor-row\">\n\t\t\t\t\t<div class=\"elementor-column elementor-col-100 elementor-top-column elementor-element elementor-element-1f37797\" data-id=\"1f37797\" data-element_type=\"column\">\n\t\t\t<div class=\"elementor-column-wrap elementor-element-populated\">\n\t\t\t\t\t\t\t<div class=\"elementor-widget-wrap\">\n\t\t\t\t\t\t<div class=\"elementor-element elementor-element-058d920 elementor-widget-divider--view-line elementor-widget elementor-widget-divider\" data-id=\"058d920\" data-element_type=\"widget\" data-widget_type=\"divider.default\">\n\t\t\t\t<div class=\"elementor-widget-container\">\n\t\t\t\t\t<div class=\"elementor-divider\">\n\t\t\t<span class=\"elementor-divider-separator\">\n\t\t\t\t\t\t<\/span>\n\t\t<\/div>\n\t\t\t\t<\/div>\n\t\t\t\t<\/div>\n\t\t\t\t<div class=\"elementor-element elementor-element-e24348f elementor-view-default elementor-widget elementor-widget-icon\" data-id=\"e24348f\" data-element_type=\"widget\" data-widget_type=\"icon.default\">\n\t\t\t\t<div class=\"elementor-widget-container\">\n\t\t\t\t\t<div class=\"elementor-icon-wrapper\">\n\t\t\t<div class=\"elementor-icon\">\n\t\t\t<i aria-hidden=\"true\" class=\"fas fa-mail-bulk\"><\/i>\t\t\t<\/div>\n\t\t<\/div>\n\t\t\t\t<\/div>\n\t\t\t\t<\/div>\n\t\t\t\t<div class=\"elementor-element elementor-element-6a64c45 elementor-widget elementor-widget-text-editor\" data-id=\"6a64c45\" data-element_type=\"widget\" data-widget_type=\"text-editor.default\">\n\t\t\t\t<div class=\"elementor-widget-container\">\n\t\t\t\t\t<div class=\"elementor-text-editor elementor-clearfix\"><h1><strong>KONTAKT<\/strong><\/h1><div><br><\/div>\n<p><span style=\"color: #000000;\"><strong>Prezes: <\/strong><\/span><\/p>\n<p><span style=\"color: #000000;\"><strong><a style=\"color: #000000;\" href=\"mailto:prezes@zgmopoczno.pl\"><span style=\"color: #0000ff;\">prezes@zgmopoczno.pl<\/span><\/a><br><\/strong><\/span><\/p><p><span style=\"color: #000000;\"><strong><br><\/strong><\/span><\/p>\n<p><\/p>\n<p><span style=\"color: #000000;\"><strong>Sekretariat:<\/strong><\/span><\/p>\n<p><span style=\"color: #000000;\"><strong><a style=\"color: #000000;\" href=\"mailto:sekretariat@zgmopoczno.pl\"><span style=\"color: #0000ff;\">sekretariat@zgmopoczno.pl<\/span><\/a><br><\/strong><\/span><\/p>\n<p><span style=\"color: #000000;\"><strong>Telefon: <a style=\"color: #000000;\" href=\"tel:447552619\">44 755 26 19<\/a>, <a style=\"color: #000000;\" href=\"tel:447553151\">44 755 31 51<\/a> wew.20<\/strong><\/span><\/p><p><span style=\"color: #000000;\"><strong><br><\/strong><\/span><\/p>\n<p><\/p>\n<p><span style=\"color: #000000;\"><strong>G\u0142\u00f3wny Ksi\u0119gowy: <\/strong><\/span><\/p>\n<p><span style=\"color: #000000;\"><strong><a style=\"color: #000000;\" href=\"mailto:glownyksiegowy@zgmopoczno.pl\"><span style=\"color: #0000ff;\">glownyksiegowy@zgmopoczno.pl<\/span><\/a><\/strong><\/span><\/p>\n<p><span style=\"color: #000000;\"><strong>Telefon: <a style=\"color: #000000;\" href=\"tel:447552619\">44 755 26 19<\/a> wew. 26<\/strong><\/span><\/p><p><span style=\"color: #000000;\"><strong><br><\/strong><\/span><\/p>\n<p><\/p>\n<p><span style=\"color: #000000;\"><strong>Dzia\u0142 Techniczno &#8211; Inwestycyjny: <\/strong><\/span><\/p>\n<p><span style=\"color: #000000;\"><strong><a style=\"color: #000000;\" href=\"mailto:techniczny@zgmopoczno.pl\"><span style=\"color: #0000ff;\">techniczny@zgmopoczno.pl<\/span><\/a><\/strong><\/span><\/p>\n<p><span style=\"color: #000000;\"><strong>Telefon: <a style=\"color: #000000;\" href=\"tel:447552619\">44 755 26 19<\/a> wew. 22, 23, kierownik wew. 28<\/strong><\/span><\/p><p><span style=\"color: #000000;\"><strong><br><\/strong><\/span><\/p>\n<p><\/p>\n<p><span style=\"color: #000000;\"><strong>Dzia\u0142 Lokalowo &#8211; Gospodarczy: <\/strong><\/span><\/p>\n<p><span style=\"color: #000000;\"><strong><a style=\"color: #000000;\" href=\"mailto:gospodarczy@zgmopoczno.pl\"><span style=\"color: #0000ff;\">gospodarczy@zgmopoczno.pl<\/span><\/a><\/strong><\/span><\/p>\n<p><span style=\"color: #000000;\"><strong>Telefon: <a style=\"color: #000000;\" href=\"tel:447552619\">44 755 26 19<\/a> wew.24<\/strong><\/span><\/p><p><span style=\"color: #000000;\"><strong><br><\/strong><\/span><\/p>\n<p><\/p>\n<p><span style=\"color: #000000;\"><strong>Ksi\u0119gowo\u015b\u0107 Wsp\u00f3lnot:<\/strong><\/span><\/p>\n<p><span style=\"color: #0000ff;\"><strong><a style=\"color: #0000ff;\" href=\"mailto:ksiegowosc@zgmopoczno.pl\">ksiegowosc@zgmopoczno.pl<\/a><\/strong><\/span><\/p>\n<p><span style=\"color: #000000;\"><strong>Telefon: <a style=\"color: #000000;\" href=\"tel:447552619\">44 755 26 19<\/a> wew. 21<\/strong><\/span><\/p><p><span style=\"color: #000000;\"><strong><br><\/strong><\/span><\/p>\n<p><\/p>\n<p><span style=\"color: #000000;\"><strong>Dzia\u0142 Zieleni Miejskiej: <\/strong><\/span><\/p>\n<p><span style=\"color: #000000;\"><strong><a style=\"color: #000000;\" href=\"mailto:zielen@zgmopoczno.pl\"><span style=\"color: #0000ff;\">zielen@zgmopoczno.pl<\/span><\/a><\/strong><\/span><\/p>\n<p><span style=\"color: #000000;\"><strong>Telefon: 504 013 154<br><\/strong><\/span><\/p><p><span style=\"color: #000000;\"><strong><br><\/strong><\/span><\/p>\n<p><\/p>\n<p><span style=\"color: #000000;\"><strong>Dzia\u0142 Kadr: <\/strong><\/span><\/p>\n<p><span style=\"color: #000000;\"><strong><a style=\"color: #000000;\" href=\"mailto:kadry@zgmopoczno.pl\"><span style=\"color: #0000ff;\">kadry@zgmopoczno.pl<\/span><\/a><\/strong><\/span><\/p>\n<p><span style=\"color: #000000;\"><strong>Telefon: <a style=\"color: #000000;\" href=\"tel:447552619\">44 755 26 19<\/a> wew. 27<\/strong><\/span><\/p><p><span style=\"color: #000000;\"><strong><br><\/strong><\/span><\/p>\n<p><\/p>\n<p><span style=\"color: #000000;\"><strong>Dzia\u0142 Czynsz\u00f3w i Windykacji: <\/strong><\/span><\/p>\n<p><span style=\"color: #000000;\"><strong>Telefon: <a style=\"color: #000000;\" href=\"tel:447552619\">44 755 26 19<\/a> wew. 25<\/strong><\/span><\/p>\n<p><a href=\"mailto:windykacja@zgm.opoczno.pl\"><span style=\"color: #0000ff;\"><strong>windykacja@zgm.opoczno.pl<\/strong><\/span><\/a><\/p><p><br><\/p>\n<p><\/p>\n<p><span style=\"color: #000000;\"><strong>Prawnik: <\/strong><\/span><\/p>\n<p><span style=\"color: #000000;\"><strong><a style=\"color: #000000;\" href=\"mailto:prawnik@zgmopoczno.pl\"><span style=\"color: #0000ff;\">prawnik@zgmopoczno.pl<\/span><\/a><br><\/strong><\/span><\/p><p><span style=\"color: #000000;\"><strong><br><\/strong><\/span><\/p>\n<p><\/p>\n<p><span style=\"color: #000000;\"><strong>Oferty: <\/strong><\/span><\/p>\n<p><span style=\"color: #000000;\"><strong><a style=\"color: #000000;\" href=\"mailto:oferty@zgmopoczno.pl\"><span style=\"color: #0000ff;\">oferty@zgmopoczno.pl<\/span><\/a><\/strong><\/span><\/p><\/div>\n\t\t\t\t<\/div>\n\t\t\t\t<\/div>\n\t\t\t\t\t\t<\/div>\n\t\t\t\t\t<\/div>\n\t\t<\/div>\n\t\t\t\t\t\t\t\t<\/div>\n\t\t\t\t\t<\/div>\n\t\t<\/section>\n\t\t\t\t\t\t<\/div>\n\t\t\t\t\t\t<\/div>\n\t\t\t\t\t<\/div>\n\t\t","protected":false},"excerpt":{"rendered":"<p>KONTAKT Prezes: prezes@zgmopoczno.pl Sekretariat: sekretariat@zgmopoczno.pl Telefon: 44 755 26 19, 44 755 31 51 wew.20 G\u0142\u00f3wny Ksi\u0119gowy: glownyksiegowy@zgmopoczno.pl Telefon: 44 755 26 19 wew. 26 Dzia\u0142 Techniczno &#8211; Inwestycyjny: techniczny@zgmopoczno.pl Telefon: 44 755 26 19 wew. 22, 23, kierownik wew. 28 Dzia\u0142 Lokalowo &#8211; Gospodarczy: gospodarczy@zgmopoczno.pl Telefon: 44 755 26 19 wew.24 Ksi\u0119gowo\u015b\u0107 Wsp\u00f3lnot: ksiegowosc@zgmopoczno.pl Telefon: 44 755 26 19 wew. 21 Dzia\u0142 Zieleni Miejskiej: zielen@zgmopoczno.pl Telefon: 504 013 154 Dzia\u0142 Kadr: kadry@zgmopoczno.pl Telefon: 44 755 26 19 wew. 27 Dzia\u0142 Czynsz\u00f3w i Windykacji: Telefon: 44 755 26 19 wew. 25 windykacja@zgm.opoczno.pl Prawnik: prawnik@zgmopoczno.pl Oferty: oferty@zgmopoczno.pl<\/p>\n","protected":false},"author":1,"featured_media":0,"parent":0,"menu_order":0,"comment_status":"closed","ping_status":"closed","template":"","meta":[],"_links":{"self":[{"href":"https:\/\/zgmopoczno.pl\/index.php\/wp-json\/wp\/v2\/pages\/50"}],"collection":[{"href":"https:\/\/zgmopoczno.pl\/index.php\/wp-json\/wp\/v2\/pages"}],"about":[{"href":"https:\/\/zgmopoczno.pl\/index.php\/wp-json\/wp\/v2\/types\/page"}],"author":[{"embeddable":true,"href":"https:\/\/zgmopoczno.pl\/index.php\/wp-json\/wp\/v2\/users\/1"}],"replies":[{"embeddable":true,"href":"https:\/\/zgmopoczno.pl\/index.php\/wp-json\/wp\/v2\/comments?post=50"}],"version-history":[{"count":71,"href":"https:\/\/zgmopoczno.pl\/index.php\/wp-json\/wp\/v2\/pages\/50\/revisions"}],"predecessor-version":[{"id":1653,"href":"https:\/\/zgmopoczno.pl\/index.php\/wp-json\/wp\/v2\/pages\/50\/revisions\/1653"}],"wp:attachment":[{"href":"https:\/\/zgmopoczno.pl\/index.php\/wp-json\/wp\/v2\/media?parent=50"}],"curies":[{"name":"wp","href":"https:\/\/api.w.org\/{rel}","templated":true}]}}