{"id":42,"date":"2021-03-29T10:12:17","date_gmt":"2021-03-29T10:12:17","guid":{"rendered":"https:\/\/zgmopoczno.pl\/?page_id=42"},"modified":"2021-04-06T07:25:00","modified_gmt":"2021-04-06T07:25:00","slug":"deklaracja-dostepnosci","status":"publish","type":"page","link":"https:\/\/zgmopoczno.pl\/index.php\/deklaracja-dostepnosci\/","title":{"rendered":"DEKLARACJA DOST\u0118PNO\u015aCI"},"content":{"rendered":"\t\t<div data-elementor-type=\"wp-page\" data-elementor-id=\"42\" class=\"elementor elementor-42\" data-elementor-settings=\"[]\">\n\t\t\t\t\t\t<div class=\"elementor-inner\">\n\t\t\t\t\t\t\t<div class=\"elementor-section-wrap\">\n\t\t\t\t\t\t\t<section class=\"elementor-section elementor-top-section elementor-element elementor-element-270c178 elementor-section-boxed elementor-section-height-default elementor-section-height-default\" data-id=\"270c178\" data-element_type=\"section\">\n\t\t\t\t\t\t<div class=\"elementor-container elementor-column-gap-default\">\n\t\t\t\t\t\t\t<div class=\"elementor-row\">\n\t\t\t\t\t<div class=\"elementor-column elementor-col-100 elementor-top-column elementor-element elementor-element-3dd25ad\" data-id=\"3dd25ad\" data-element_type=\"column\">\n\t\t\t<div class=\"elementor-column-wrap elementor-element-populated\">\n\t\t\t\t\t\t\t<div class=\"elementor-widget-wrap\">\n\t\t\t\t\t\t<div class=\"elementor-element elementor-element-b9dc154 elementor-widget elementor-widget-text-editor\" data-id=\"b9dc154\" data-element_type=\"widget\" data-widget_type=\"text-editor.default\">\n\t\t\t\t<div class=\"elementor-widget-container\">\n\t\t\t\t\t<div class=\"elementor-text-editor elementor-clearfix\"><h1 align=\"center\"><span style=\"font-size: xx-large; color: #000000;\"><u><b>Deklaracja dost\u0119pno\u015bci Zak\u0142adu Gospodarki Mieszkaniowej w Opocznie<\/b><\/u><\/span><\/h1><p align=\"left\"><span style=\"font-size: large; color: #000000;\">20.11.2020r.<\/span><\/p><p align=\"left\"><span style=\"font-size: large; color: #000000;\"><b>Dost\u0119pno\u015b\u0107 cyfrowa<\/b><\/span><\/p><p align=\"justify\"><span style=\"font-size: medium; color: #000000;\">Zak\u0142ad Gospodarki Mieszkaniowej Sp. z o. o. w Opocznie zobowi\u0105zuje si\u0119 zapewni\u0107 dost\u0119pno\u015b\u0107 swojej strony internetowej <a style=\"color: #000000;\" href=\"http:\/\/www.zgmopoczno.pl\/\">www.zgmopoczno.pl<\/a> zgodnie z przepisami ustawy z dnia 4 kwietnia 2019r. o dost\u0119pno\u015bci cyfrowej stron internetowych i aplikacji mobilnych podmiot\u00f3w publicznych. <\/span><\/p><p align=\"left\"><span style=\"font-size: medium; color: #000000;\">Data publikacji strony internetowej: 2007r.<\/span><\/p><p align=\"left\"><span style=\"font-size: medium; color: #000000;\">Data aktualizacji strony internetowej: 20.11.2020r.<\/span><\/p><p align=\"left\"><span style=\"font-size: medium; color: #000000;\">Strona internetowa jest cz\u0119\u015bciowo zgodna z ustaw\u0105 z dnia 4 kwietnia 2019 r. o dost\u0119pno\u015bci cyfrowej stron internetowych i aplikacji mobilnych podmiot\u00f3w publicznych.<\/span><\/p><p align=\"justify\"><span style=\"color: #000000;\"><span style=\"font-size: medium;\">Nasza strona internetowa c<\/span><span style=\"font-size: medium;\">z\u0119\u015bciowo<\/span><span style=\"font-size: medium;\"> zawiera niezb\u0119dne informacje <\/span><span style=\"font-size: medium;\">i<\/span><span style=\"font-size: medium;\"> dokumenty <\/span><span style=\"font-size: medium;\">dost\u0119pne dla os\u00f3b o <\/span><span style=\"font-size: medium;\">szczeg\u00f3lnych potrzebach. W prawym g\u00f3rnym rogu umieszczono ikon\u0119 dla os\u00f3b o szczeg\u00f3lnych potrzebach, kt\u00f3ra umo\u017cliwia wej\u015bcie do panelu dost\u0119pno\u015bci. <\/span><\/span><\/p><p align=\"left\"><span style=\"font-size: medium; color: #000000;\"><u>Panel dost\u0119pno\u015bci umo\u017cliwia:<\/u><\/span><\/p><ul><li><p align=\"left\"><span style=\"font-size: medium; color: #000000;\">powi\u0119kszenie tekstu,<\/span><\/p><\/li><li><p align=\"left\"><span style=\"font-size: medium; color: #000000;\">zmniejszenie tekstu,<\/span><\/p><\/li><li><p align=\"left\"><span style=\"font-size: medium; color: #000000;\">wybranie skali szaro\u015bci,<\/span><\/p><\/li><li><p align=\"left\"><span style=\"font-size: medium; color: #000000;\">umo\u017cliwia nadanie odpowiedniego kontrastu (wysoki b\u0105d\u017a negatywny),<\/span><\/p><\/li><li><p align=\"left\"><span style=\"font-size: medium; color: #000000;\">wybranie bia\u0142ego t\u0142a,<\/span><\/p><\/li><li><p align=\"left\"><span style=\"font-size: medium; color: #000000;\">podkre\u015blone linki,<\/span><\/p><\/li><li><p align=\"left\"><span style=\"font-size: medium; color: #000000;\">du\u017ca pogrubiona czcionka tytu\u0142owa,<\/span><\/p><\/li><li><p align=\"left\"><span style=\"font-size: medium; color: #000000;\">powr\u00f3t do stanu pierwotnego.<\/span><\/p><\/li><\/ul><p align=\"left\"><span style=\"font-size: medium; color: #000000;\">Na stronie internetowej mo\u017cna u\u017cywa\u0107 standardowych skr\u00f3t\u00f3w klawiaturowych przegl\u0105darki. <\/span><\/p><p align=\"left\"><span style=\"color: #000000;\"><span style=\"font-size: medium;\">Deklaracj\u0119 <\/span><span style=\"font-size: medium;\">dost\u0119pno\u015bci dla os\u00f3b ze szczeg\u00f3lnymi potrzebami <\/span><span style=\"font-size: medium;\">sporz\u0105dzono <\/span><span style=\"font-size: medium;\">w dniu 20.11.2020 r. <\/span><span style=\"font-size: medium;\">na podstawie samooceny przeprowadzonej przez <\/span><span style=\"font-size: medium;\">podmiot publiczny, korzystaj\u0105c z dost\u0119pnego narz\u0119dzia do oceny strony. Test \u2013 European Internet Inclusion Initiative (<\/span><a style=\"color: #000000;\" href=\"http:\/\/checkers.eiii.eu\/\">http:\/\/checkers.eiii.eu\/<\/a><span style=\"font-size: medium;\">), z kt\u00f3rego wynika, \u017ce strona internetowa <\/span><span style=\"font-size: medium;\">jest <\/span><span style=\"font-size: medium;\">w 97.34% zgodna z przepisami WCAG 2.1 (http:\/\/checkers.eiii.eu\/en\/pagecheck2.0\/?uuid=c1fdc7ce-319a-451d-94b1-071b0f979a0a)<\/span><\/span><\/p><p align=\"left\"><span style=\"font-size: large; color: #000000;\"><b>Informacje zwrotne i dane kontaktowe<\/b><\/span><\/p><p align=\"left\"><span style=\"color: #000000;\"><span style=\"font-size: medium;\">W przypadku wyst\u0105pienia problem\u00f3w z dost\u0119pno\u015bci\u0105 strony internetowej prosimy o kontakt. Osob<\/span><span style=\"font-size: medium;\">\u0105<\/span><span style=\"font-size: medium;\"> odpowiedzialn\u0105 jest <\/span><span style=\"font-size: medium;\">Marta S\u0142upecka<\/span><span style=\"font-size: medium;\">, adres poczty elektronicznej : <\/span><a style=\"color: #000000;\" href=\"mailto:gospodarczy@zgmopoczno.pl\">gospodarczy@zgmopoczno.pl<\/a> <span style=\"font-size: medium;\">\u2013 tel. 0\/44 755-05-7<\/span><span style=\"font-size: medium;\">3<\/span><\/span><\/p><p align=\"left\"><span style=\"font-size: medium; color: #000000;\">T\u0105 sam\u0105 drog\u0105 mo\u017cna sk\u0142ada\u0107 wnioski o udost\u0119pnienie informacji niedost\u0119pnej oraz sk\u0142ada\u0107 skargi na brak zapewnienia dost\u0119pno\u015bci.<\/span><\/p><p align=\"left\"><span style=\"font-size: medium; color: #000000;\">Ka\u017cdy ma prawo:<\/span><\/p><ul><li><p align=\"left\"><span style=\"font-size: medium; color: #000000;\">zg\u0142osi\u0107 uwagi dotycz\u0105ce dost\u0119pno\u015bci cyfrowej strony internetowej lub jej elementu <\/span><\/p><\/li><li><p align=\"left\"><span style=\"font-size: medium; color: #000000;\">zg\u0142osi\u0107 \u017c\u0105danie zapewnienia dost\u0119pno\u015bci cyfrowej strony lub jej elementu,<\/span><\/p><\/li><li><p align=\"left\"><span style=\"font-size: medium; color: #000000;\">wnioskowa\u0107 o udost\u0119pnienie niedost\u0119pnej informacji w innej alternatywnej formie,<\/span><\/p><\/li><\/ul><p align=\"left\"><span style=\"font-size: medium; color: #000000;\">\u017b\u0105danie musi zawiera\u0107:<\/span><\/p><ul><li><p align=\"left\"><span style=\"font-size: medium; color: #000000;\">dane kontaktowe osoby zg\u0142aszaj\u0105cej,<\/span><\/p><\/li><li><p align=\"left\"><span style=\"font-size: medium; color: #000000;\">wskazanie elementu strony, kt\u00f3rej dotyczy \u017c\u0105danie,<\/span><\/p><\/li><li><p align=\"left\"><span style=\"font-size: medium; color: #000000;\">wskazanie dogodnej formy udost\u0119pnienia informacji, je\u015bli \u017c\u0105danie dotyczy udost\u0119pnienia w formie alternatywnej informacji niedost\u0119pnej.<\/span><\/p><\/li><\/ul><p align=\"left\"><span style=\"color: #000000;\"><span style=\"font-size: medium;\">Rozpatrzenie zg\u0142oszenia powinno nast\u0105pi\u0107 niezw\u0142ocznie, najp\u00f3\u017aniej w ci\u0105gu 7 dni. Je\u015bli w tym terminie zapewnienie dost\u0119pno\u015bci albo <\/span><span style=\"font-size: medium;\">zapewnienie dost\u0119pu w alternatywnej formie nie jest mo\u017cliwe, powinno nast\u0105pi\u0107 najdalej w ci\u0105gu 2 miesi\u0119cy od daty zg\u0142oszenia.<\/span><\/span><\/p><p align=\"left\"><span style=\"font-size: medium; color: #000000;\">Na niedotrzymanie tych termin\u00f3w oraz odmow\u0119 realizacji \u017c\u0105dania mo\u017cna z\u0142o\u017cy\u0107 skarg\u0119 drog\u0105 pocztow\u0105 lub elektroniczn\u0105 do organu nadzoruj\u0105cego <\/span><\/p><ul><li><p align=\"left\"><span style=\"font-size: medium; color: #000000;\">Organ nadzoruj\u0105cy: Prezes Zak\u0142adu Gospodarki Mieszkaniowej Sp. z o. o. <\/span><\/p><p align=\"left\"><span style=\"font-size: medium; color: #000000;\">w Opocznie<\/span><\/p><\/li><li><p align=\"left\"><span style=\"font-size: medium; color: #000000;\">Adres: Plac Ko\u015bciuszki 1<\/span><\/p><p align=\"left\"><span style=\"font-size: medium; color: #000000;\">26-300 Opoczno<\/span><\/p><\/li><li><p align=\"left\"><span style=\"color: #000000;\"><span style=\"font-size: medium;\">E-mail: <\/span><span style=\"font-size: medium;\">sekretariat@zgmopoczno.pl <\/span><\/span><\/p><\/li><li><p align=\"left\"><span style=\"font-size: medium; color: #000000;\">Telefon: 44 755-26-19<\/span><\/p><\/li><\/ul><p align=\"left\"><span style=\"color: #000000;\"><span style=\"font-size: medium;\">Skarg\u0119 mo\u017cna z\u0142o\u017cy\u0107 r\u00f3wnie\u017c do <\/span><span style=\"font-size: medium;\"><u>Rzecznika Praw Obywatelskich.<\/u><\/span><\/span><\/p><p align=\"left\"><span style=\"font-size: large; color: #000000;\"><b>Dost\u0119pno\u015b\u0107 architektoniczna<\/b><\/span><\/p><p align=\"justify\"><span style=\"font-size: medium; color: #000000;\"> Siedziba Zak\u0142adu Gospodarki Mieszkaniowej Sp. z o. o. mie\u015bci si\u0119 przy Plac Ko\u015bciuszki 1 w Opocznie.<\/span><\/p><p align=\"justify\"><span style=\"color: #000000;\"><span style=\"font-size: medium;\">Wej\u015bcie do budynku <\/span><span style=\"font-size: medium;\">usytuowane jest<\/span><span style=\"font-size: medium;\"> na parterze. <\/span><span style=\"font-size: medium;\">Przed drzwiami wej\u015bciowymi znajduje si\u0119 jeden stopie\u0144 schodowy. W korytarzu s\u0105 cztery stopnie schodowe, <\/span> <span style=\"font-size: medium;\">a po <\/span><span style=\"font-size: medium;\">obu stronach klatki schodowej <\/span><span style=\"font-size: medium;\">zamontowane s\u0105 por\u0119cze. Na parterze i pierwszym pi\u0119trze znajduj\u0105 si\u0119 pomieszczenia biurowe. <\/span><span style=\"font-size: medium;\">N<\/span><span style=\"font-size: medium;\">a pierwsze pi\u0119tro trzeba przej\u015b\u0107 korytarzem a nast\u0119pnie pokona\u0107 20 schod\u00f3w. Na parterze, w korytarzu prowadz\u0105cym do pomieszcze\u0144 ZGM-u umieszczon<\/span><span style=\"font-size: medium;\">a<\/span><span style=\"font-size: medium;\"> jest czytelna tablica informuj\u0105c<\/span><span style=\"font-size: medium;\">a<\/span><span style=\"font-size: medium;\"> o r<\/span><span style=\"font-size: medium;\">ozmieszczeniu<\/span><span style=\"font-size: medium;\"> p<\/span><span style=\"font-size: medium;\">oszczeg\u00f3lnych biur i<\/span><span style=\"font-size: medium;\"> dzia\u0142<\/span><span style=\"font-size: medium;\">\u00f3w<\/span><span style=\"font-size: medium;\"> znajduj\u0105cych si\u0119 <\/span><span style=\"font-size: medium;\">na parterze i I-szym pi\u0119trze <\/span><span style=\"font-size: medium;\">budynku<\/span><span style=\"font-size: medium;\">. Na \u015bcianach korytarzy umieszczone s\u0105 znaki drogi ewakuacyjnej. Przed budynkiem znajduj\u0105 si\u0119 miejsca parkingowe, a w o<\/span><span style=\"font-size: medium;\">dleg\u0142o\u015bci 30 metr\u00f3w od budynku znajduje si\u0119<\/span><span style=\"font-size: medium;\"> miejsc<\/span><span style=\"font-size: medium;\">e<\/span><span style=\"font-size: medium;\"> parkingowe dla os\u00f3b niepe\u0142nosprawnych. W budynku nie ma windy. <\/span><\/span><\/p><p align=\"left\"><span style=\"color: #000000;\"><span style=\"font-size: medium;\">W korytarzu <\/span><span style=\"font-size: medium;\">na parterze <\/span><span style=\"font-size: medium;\">obok kasy zosta\u0142a zamontowana skrzynka, <\/span><span style=\"font-size: medium;\">w <\/span><span style=\"font-size: medium;\">kt\u00f3rej m<\/span><span style=\"font-size: medium;\">o\u017c<\/span><span style=\"font-size: medium;\">na zostawia\u0107 dokumenty kierowane do Zak\u0142adu Gospodarki Mieszkaniowej<\/span><span style=\"font-size: medium;\">. <\/span><\/span><\/p><p align=\"left\"><span style=\"font-size: medium; color: #000000;\">Dokumenty odbierane s\u0105 dwa razy dziennie przez upowa\u017cnionego pracownika.<\/span><\/p><p align=\"left\"><span style=\"color: #000000;\"><span style=\"font-size: medium;\">W <\/span><span style=\"font-size: medium;\">zwi\u0105zku z warunkami technicznymi i niemo\u017cno\u015bci\u0105 pe\u0142nej dost\u0119pno\u015bci dla os\u00f3b ze szczeg\u00f3lnymi potrzebami <\/span><span style=\"font-size: medium;\">Zak\u0142ad Gospodarki Mieszkaniowej <\/span><span style=\"font-size: medium;\">zapewnia dost\u0119p alternatywny poprzez wsparcie przez wyznaczonego pracownika w zakresie dostarczania dokument\u00f3w, pomoc przy wej\u015bciu i wyj\u015bciu <\/span><span style=\"font-size: medium;\">z budynku, przet\u0142umaczenie dokumentu, pomoc w <\/span><span style=\"font-size: medium;\">dotarciu <\/span><span style=\"font-size: medium;\">do poszczeg\u00f3lnych pomieszcze\u0144 biurowych.<\/span><\/span><\/p><p align=\"left\"><span style=\"font-size: medium; color: #000000;\">W razie uzyskania informacji telefonicznej od osoby o ograniczonej mobilno\u015bci Zak\u0142ad Gospodarki Mieszkaniowej zapewnia r\u00f3wnie\u017c za\u0142atwienie zg\u0142oszonej sprawy urz\u0119dowej poprzez dostarczenie wskazanych dokument\u00f3w na adres danej osoby.<\/span><\/p><p align=\"left\"><span style=\"font-size: medium; color: #000000;\">Na t\u0105 chwil\u0119 nie posiadamy dost\u0119pnej aplikacji mobilnej.<\/span><\/p><p align=\"left\"><span style=\"color: #000000;\"><span style=\"font-size: medium;\">W miar\u0119 naszych mo\u017cliwo\u015bci finansowych, dost\u0119pnych instrument\u00f3w oraz rozwi\u0105za\u0144 alternatywnych s<\/span><span style=\"font-size: medium;\">taramy <\/span><span style=\"font-size: medium;\">si\u0119 sprosta\u0107 chocia\u017c cz\u0119\u015bciowo <\/span><span style=\"font-size: medium;\">wymaganiom wynikaj\u0105cym z ustawy z dnia 19 lipca 2019 r. o zapewnieniu dost\u0119pno\u015bci <\/span><span style=\"font-size: medium;\">cyfrowej, architektonicznej oraz informacyjno-komun<\/span><span style=\"font-size: medium;\">i<\/span><span style=\"font-size: medium;\">kacyjnej <\/span><span style=\"font-size: medium;\">dla os\u00f3b ze szczeg\u00f3lnymi potrzebami.<\/span><\/span><\/p><p>\u00a0<\/p><\/div>\n\t\t\t\t<\/div>\n\t\t\t\t<\/div>\n\t\t\t\t\t\t<\/div>\n\t\t\t\t\t<\/div>\n\t\t<\/div>\n\t\t\t\t\t\t\t\t<\/div>\n\t\t\t\t\t<\/div>\n\t\t<\/section>\n\t\t\t\t\t\t<\/div>\n\t\t\t\t\t\t<\/div>\n\t\t\t\t\t<\/div>\n\t\t","protected":false},"excerpt":{"rendered":"<p>Deklaracja dost\u0119pno\u015bci Zak\u0142adu Gospodarki Mieszkaniowej w Opocznie 20.11.2020r. Dost\u0119pno\u015b\u0107 cyfrowa Zak\u0142ad Gospodarki Mieszkaniowej Sp. z o. o. w Opocznie zobowi\u0105zuje si\u0119 zapewni\u0107 dost\u0119pno\u015b\u0107 swojej strony internetowej www.zgmopoczno.pl zgodnie z przepisami ustawy z dnia 4 kwietnia 2019r. o dost\u0119pno\u015bci cyfrowej stron internetowych i aplikacji mobilnych podmiot\u00f3w publicznych. Data publikacji strony internetowej: 2007r. Data aktualizacji strony internetowej: 20.11.2020r. Strona internetowa jest cz\u0119\u015bciowo zgodna z ustaw\u0105 z dnia 4 kwietnia 2019 r. o dost\u0119pno\u015bci cyfrowej stron internetowych i aplikacji mobilnych podmiot\u00f3w publicznych. Nasza strona internetowa cz\u0119\u015bciowo zawiera niezb\u0119dne informacje i dokumenty dost\u0119pne dla os\u00f3b o szczeg\u00f3lnych potrzebach. W prawym g\u00f3rnym rogu umieszczono ikon\u0119 dla os\u00f3b o szczeg\u00f3lnych potrzebach, kt\u00f3ra umo\u017cliwia wej\u015bcie do panelu dost\u0119pno\u015bci. Panel dost\u0119pno\u015bci umo\u017cliwia: powi\u0119kszenie tekstu, zmniejszenie tekstu, wybranie skali szaro\u015bci, umo\u017cliwia nadanie odpowiedniego kontrastu (wysoki b\u0105d\u017a negatywny), wybranie bia\u0142ego t\u0142a, podkre\u015blone linki, du\u017ca pogrubiona czcionka tytu\u0142owa, powr\u00f3t do stanu pierwotnego. Na stronie internetowej mo\u017cna u\u017cywa\u0107 standardowych skr\u00f3t\u00f3w klawiaturowych przegl\u0105darki.&hellip;<\/p>\n<p> <a class=\"more-link\" href=\"https:\/\/zgmopoczno.pl\/index.php\/deklaracja-dostepnosci\/\">Czytaj dalej<\/a><\/p>\n","protected":false},"author":1,"featured_media":0,"parent":0,"menu_order":0,"comment_status":"closed","ping_status":"closed","template":"","meta":[],"_links":{"self":[{"href":"https:\/\/zgmopoczno.pl\/index.php\/wp-json\/wp\/v2\/pages\/42"}],"collection":[{"href":"https:\/\/zgmopoczno.pl\/index.php\/wp-json\/wp\/v2\/pages"}],"about":[{"href":"https:\/\/zgmopoczno.pl\/index.php\/wp-json\/wp\/v2\/types\/page"}],"author":[{"embeddable":true,"href":"https:\/\/zgmopoczno.pl\/index.php\/wp-json\/wp\/v2\/users\/1"}],"replies":[{"embeddable":true,"href":"https:\/\/zgmopoczno.pl\/index.php\/wp-json\/wp\/v2\/comments?post=42"}],"version-history":[{"count":16,"href":"https:\/\/zgmopoczno.pl\/index.php\/wp-json\/wp\/v2\/pages\/42\/revisions"}],"predecessor-version":[{"id":397,"href":"https:\/\/zgmopoczno.pl\/index.php\/wp-json\/wp\/v2\/pages\/42\/revisions\/397"}],"wp:attachment":[{"href":"https:\/\/zgmopoczno.pl\/index.php\/wp-json\/wp\/v2\/media?parent=42"}],"curies":[{"name":"wp","href":"https:\/\/api.w.org\/{rel}","templated":true}]}}