{"id":41,"date":"2021-03-29T10:12:17","date_gmt":"2021-03-29T10:12:17","guid":{"rendered":"https:\/\/zgmopoczno.pl\/?page_id=41"},"modified":"2021-05-18T10:41:39","modified_gmt":"2021-05-18T08:41:39","slug":"instrukcja-ikm","status":"publish","type":"page","link":"https:\/\/zgmopoczno.pl\/index.php\/instrukcja-ikm\/","title":{"rendered":"Instrukcja IKM"},"content":{"rendered":"\t\t<div data-elementor-type=\"wp-page\" data-elementor-id=\"41\" class=\"elementor elementor-41\" data-elementor-settings=\"[]\">\n\t\t\t\t\t\t<div class=\"elementor-inner\">\n\t\t\t\t\t\t\t<div class=\"elementor-section-wrap\">\n\t\t\t\t\t\t\t<section class=\"elementor-section elementor-top-section elementor-element elementor-element-73241bb elementor-section-boxed elementor-section-height-default elementor-section-height-default\" data-id=\"73241bb\" data-element_type=\"section\">\n\t\t\t\t\t\t<div class=\"elementor-container elementor-column-gap-default\">\n\t\t\t\t\t\t\t<div class=\"elementor-row\">\n\t\t\t\t\t<div class=\"elementor-column elementor-col-100 elementor-top-column elementor-element elementor-element-4d6528c\" data-id=\"4d6528c\" data-element_type=\"column\">\n\t\t\t<div class=\"elementor-column-wrap elementor-element-populated\">\n\t\t\t\t\t\t\t<div class=\"elementor-widget-wrap\">\n\t\t\t\t\t\t<div class=\"elementor-element elementor-element-268f40d elementor-button-danger elementor-align-center elementor-widget elementor-widget-button\" data-id=\"268f40d\" data-element_type=\"widget\" data-widget_type=\"button.default\">\n\t\t\t\t<div class=\"elementor-widget-container\">\n\t\t\t\t\t<div class=\"elementor-button-wrapper\">\n\t\t\t<a href=\"https:\/\/www.provirtus.pl\/ikm\/\" target=\"_blank\" class=\"elementor-button-link elementor-button elementor-size-md\" role=\"button\">\n\t\t\t\t\t\t<span class=\"elementor-button-content-wrapper\">\n\t\t\t\t\t\t<span class=\"elementor-button-icon elementor-align-icon-left\">\n\t\t\t\t<i aria-hidden=\"true\" class=\"far fa-address-card\"><\/i>\t\t\t<\/span>\n\t\t\t\t\t\t<span class=\"elementor-button-text\">ZALOGUJ DO IKM<\/span>\n\t\t<\/span>\n\t\t\t\t\t<\/a>\n\t\t<\/div>\n\t\t\t\t<\/div>\n\t\t\t\t<\/div>\n\t\t\t\t<div class=\"elementor-element elementor-element-fe84e5c elementor-widget elementor-widget-text-editor\" data-id=\"fe84e5c\" data-element_type=\"widget\" data-widget_type=\"text-editor.default\">\n\t\t\t\t<div class=\"elementor-widget-container\">\n\t\t\t\t\t<div class=\"elementor-text-editor elementor-clearfix\"><table id=\"TbArticles\" border=\"0\" cellspacing=\"0\" cellpadding=\"4\"><tbody><tr><td class=\"TITLE\"><strong><span class=\"TITLE\" style=\"color: #000000;\">O IKM &#8211; Internetowa Kartoteka Mieszka\u0144ca<\/span><\/strong><\/td><\/tr><tr><td class=\"TEXT\"><span class=\"TEXT\" style=\"color: #000000;\">Internetowa Kartoteka Mieszka\u0144ca to us\u0142uga oferuj\u0105ca w\u0142a\u015bcicielom przegl\u0105danie istotnych informacji dotycz\u0105cych lokalu i nieruchomo\u015bci. <br \/><br \/><\/span><\/td><\/tr><tr><td class=\"TITLE\"><span class=\"TITLE\" style=\"color: #000000;\">Funkcjonalno\u015b\u0107<\/span><\/td><\/tr><tr><td class=\"TEXT\"><ul><li><span style=\"color: #000000;\"><b>Kartoteka konta<\/b> &#8211; informacje finansowe zawieraj\u0105ce wyszczeg\u00f3lnienie naliczonych op\u0142at i zaksi\u0119gowanych wp\u0142at wraz z informacj\u0105 o saldzie<\/span><\/li><li><span style=\"color: #000000;\"><b>Dokumenty czynszowe<\/b> &#8211; informacje o naliczonych op\u0142atach, rozliczeniach medi\u00f3w, itp. wraz z informacj\u0105 o poszczeg\u00f3lnych sk\u0142adnikach op\u0142at<\/span><\/li><li><span style=\"color: #000000;\"><b>Rachunki bankowe<\/b> &#8211; informacja o numerach rachunk\u00f3w bankowych, na kt\u00f3re powinny by\u0107 wnoszone op\u0142aty<\/span><\/li><li><span style=\"color: #000000;\"><b>Dokumenty wewn\u0119trzne<\/b> &#8211; wa\u017cne dokumenty dotycz\u0105ce sp\u00f3\u0142dzielni \/ wsp\u00f3lnoty \/nieruchomo\u015bci (np. statut, regulaminy, uchwa\u0142y, og\u0142oszenia, itp.).<\/span><\/li><li><span style=\"color: #000000;\"><b>G\u0142osowania<\/b> &#8211; elektroniczna forma g\u0142osowania nad uchwa\u0142ami<\/span><\/li><\/ul><\/td><\/tr><tr><td class=\"TITLE\"><span class=\"TITLE\" style=\"color: #000000;\">Bezpiecze\u0144stwo<\/span><\/td><\/tr><tr><td class=\"TEXT\"><span class=\"TEXT\" style=\"color: #000000;\">Ka\u017cdy mieszkaniec nieruchomo\u015bci posiada inny, unikalny kod u\u017cytkownika oraz has\u0142o umo\u017cliwiaj\u0105ce przegl\u0105danie informacji dotycz\u0105cych wy\u0142\u0105cznie w\u0142asnego lokalu. <\/span><\/td><\/tr><\/tbody><\/table><\/div>\n\t\t\t\t<\/div>\n\t\t\t\t<\/div>\n\t\t\t\t\t\t<\/div>\n\t\t\t\t\t<\/div>\n\t\t<\/div>\n\t\t\t\t\t\t\t\t<\/div>\n\t\t\t\t\t<\/div>\n\t\t<\/section>\n\t\t\t\t\t\t<\/div>\n\t\t\t\t\t\t<\/div>\n\t\t\t\t\t<\/div>\n\t\t","protected":false},"excerpt":{"rendered":"<p>ZALOGUJ DO IKM O IKM &#8211; Internetowa Kartoteka Mieszka\u0144ca Internetowa Kartoteka Mieszka\u0144ca to us\u0142uga oferuj\u0105ca w\u0142a\u015bcicielom przegl\u0105danie istotnych informacji dotycz\u0105cych lokalu i nieruchomo\u015bci. Funkcjonalno\u015b\u0107 Kartoteka konta &#8211; informacje finansowe zawieraj\u0105ce wyszczeg\u00f3lnienie naliczonych op\u0142at i zaksi\u0119gowanych wp\u0142at wraz z informacj\u0105 o saldzie Dokumenty czynszowe &#8211; informacje o naliczonych op\u0142atach, rozliczeniach medi\u00f3w, itp. wraz z informacj\u0105 o poszczeg\u00f3lnych sk\u0142adnikach op\u0142at Rachunki bankowe &#8211; informacja o numerach rachunk\u00f3w bankowych, na kt\u00f3re powinny by\u0107 wnoszone op\u0142aty Dokumenty wewn\u0119trzne &#8211; wa\u017cne dokumenty dotycz\u0105ce sp\u00f3\u0142dzielni \/ wsp\u00f3lnoty \/nieruchomo\u015bci (np. statut, regulaminy, uchwa\u0142y, og\u0142oszenia, itp.). G\u0142osowania &#8211; elektroniczna forma g\u0142osowania nad uchwa\u0142ami Bezpiecze\u0144stwo Ka\u017cdy mieszkaniec nieruchomo\u015bci posiada inny, unikalny kod u\u017cytkownika oraz has\u0142o umo\u017cliwiaj\u0105ce przegl\u0105danie informacji dotycz\u0105cych wy\u0142\u0105cznie w\u0142asnego lokalu.<\/p>\n","protected":false},"author":1,"featured_media":0,"parent":0,"menu_order":0,"comment_status":"closed","ping_status":"closed","template":"","meta":[],"_links":{"self":[{"href":"https:\/\/zgmopoczno.pl\/index.php\/wp-json\/wp\/v2\/pages\/41"}],"collection":[{"href":"https:\/\/zgmopoczno.pl\/index.php\/wp-json\/wp\/v2\/pages"}],"about":[{"href":"https:\/\/zgmopoczno.pl\/index.php\/wp-json\/wp\/v2\/types\/page"}],"author":[{"embeddable":true,"href":"https:\/\/zgmopoczno.pl\/index.php\/wp-json\/wp\/v2\/users\/1"}],"replies":[{"embeddable":true,"href":"https:\/\/zgmopoczno.pl\/index.php\/wp-json\/wp\/v2\/comments?post=41"}],"version-history":[{"count":7,"href":"https:\/\/zgmopoczno.pl\/index.php\/wp-json\/wp\/v2\/pages\/41\/revisions"}],"predecessor-version":[{"id":556,"href":"https:\/\/zgmopoczno.pl\/index.php\/wp-json\/wp\/v2\/pages\/41\/revisions\/556"}],"wp:attachment":[{"href":"https:\/\/zgmopoczno.pl\/index.php\/wp-json\/wp\/v2\/media?parent=41"}],"curies":[{"name":"wp","href":"https:\/\/api.w.org\/{rel}","templated":true}]}}