{"id":40,"date":"2021-03-29T10:12:17","date_gmt":"2021-03-29T10:12:17","guid":{"rendered":"https:\/\/zgmopoczno.pl\/?page_id=40"},"modified":"2024-09-22T11:11:58","modified_gmt":"2024-09-22T09:11:58","slug":"zglos-awarie","status":"publish","type":"page","link":"https:\/\/zgmopoczno.pl\/index.php\/zglos-awarie\/","title":{"rendered":"Zg\u0142o\u015b awarie"},"content":{"rendered":"\t\t<div data-elementor-type=\"wp-page\" data-elementor-id=\"40\" class=\"elementor elementor-40\" data-elementor-settings=\"[]\">\n\t\t\t\t\t\t<div class=\"elementor-inner\">\n\t\t\t\t\t\t\t<div class=\"elementor-section-wrap\">\n\t\t\t\t\t\t\t<section class=\"elementor-section elementor-top-section elementor-element elementor-element-672c8f3 elementor-section-boxed elementor-section-height-default elementor-section-height-default\" data-id=\"672c8f3\" data-element_type=\"section\">\n\t\t\t\t\t\t<div class=\"elementor-container elementor-column-gap-default\">\n\t\t\t\t\t\t\t<div class=\"elementor-row\">\n\t\t\t\t\t<div class=\"elementor-column elementor-col-100 elementor-top-column elementor-element elementor-element-253a605\" data-id=\"253a605\" data-element_type=\"column\">\n\t\t\t<div class=\"elementor-column-wrap elementor-element-populated\">\n\t\t\t\t\t\t\t<div class=\"elementor-widget-wrap\">\n\t\t\t\t\t\t<div class=\"elementor-element elementor-element-0b79df2 elementor-view-default elementor-widget elementor-widget-icon\" data-id=\"0b79df2\" data-element_type=\"widget\" data-widget_type=\"icon.default\">\n\t\t\t\t<div class=\"elementor-widget-container\">\n\t\t\t\t\t<div class=\"elementor-icon-wrapper\">\n\t\t\t<div class=\"elementor-icon\">\n\t\t\t<i aria-hidden=\"true\" class=\"fas fa-tools\"><\/i>\t\t\t<\/div>\n\t\t<\/div>\n\t\t\t\t<\/div>\n\t\t\t\t<\/div>\n\t\t\t\t<div class=\"elementor-element elementor-element-36b5b9f elementor-widget elementor-widget-text-editor\" data-id=\"36b5b9f\" data-element_type=\"widget\" data-widget_type=\"text-editor.default\">\n\t\t\t\t<div class=\"elementor-widget-container\">\n\t\t\t\t\t<div class=\"elementor-text-editor elementor-clearfix\"><h4 style=\"text-align: left;\"><strong>Awarie mo\u017cna zg\u0142asza\u0107 w dni robocze w godzinach <\/strong>7:00 &#8211; 15:00 za pomoc\u0105 numer\u00f3w telefon\u00f3w:<\/h4><ul><li><span style=\"color: #000000;\"><a href=\"tel:447550648\">44 755 06 48<\/a><\/span><\/li><li><span style=\"color: #000000;\"> <a href=\"http:\/\/447553151\" data-wplink-url-error=\"true\">44 755 31 51<\/a><\/span><\/li><\/ul><h4><span style=\"color: #ff0000;\">Zg\u0142oszenia w dni robocze, dni wolne i \u015bwi\u0119ta <em>(Poniedzia\u0142ek-Niedziela: 7:00 &#8211; 20:00)<\/em> za pomoc\u0105 numer\u00f3w telefon\u00f3w:<\/span><\/h4><ul><li><span style=\"color: #000000;\">Elektryczne: tel. <a href=\"http:\/\/502143905\" data-wplink-url-error=\"true\">502 143 905<\/a><\/span><\/li><li><span style=\"color: #000000;\">Hydrauliczne: tel. <a href=\"tel:502143906\">502 143 906<\/a><\/span><\/li><li><span style=\"color: #000000;\">O\u015bwietlenie uliczne: tel. <a href=\"tel:501180151\">501 180 151<\/a><\/span><\/li><\/ul><\/div>\n\t\t\t\t<\/div>\n\t\t\t\t<\/div>\n\t\t\t\t\t\t<\/div>\n\t\t\t\t\t<\/div>\n\t\t<\/div>\n\t\t\t\t\t\t\t\t<\/div>\n\t\t\t\t\t<\/div>\n\t\t<\/section>\n\t\t\t\t<section class=\"elementor-section elementor-top-section elementor-element elementor-element-734f73e elementor-section-boxed elementor-section-height-default elementor-section-height-default\" data-id=\"734f73e\" data-element_type=\"section\">\n\t\t\t\t\t\t<div class=\"elementor-container elementor-column-gap-default\">\n\t\t\t\t\t\t\t<div class=\"elementor-row\">\n\t\t\t\t\t<div class=\"elementor-column elementor-col-100 elementor-top-column elementor-element elementor-element-31e42d8\" data-id=\"31e42d8\" data-element_type=\"column\">\n\t\t\t<div class=\"elementor-column-wrap elementor-element-populated\">\n\t\t\t\t\t\t\t<div class=\"elementor-widget-wrap\">\n\t\t\t\t\t\t<div class=\"elementor-element elementor-element-622bebc elementor-widget elementor-widget-text-editor\" data-id=\"622bebc\" data-element_type=\"widget\" data-widget_type=\"text-editor.default\">\n\t\t\t\t<div class=\"elementor-widget-container\">\n\t\t\t\t\t<div class=\"elementor-text-editor elementor-clearfix\"><h4 style=\"text-align: center;\"><span style=\"color: #000000;\"><strong>FORMULARZ ZG\u0141OSZENIOWY ONLINE<\/strong> <\/span><\/h4><\/div>\n\t\t\t\t<\/div>\n\t\t\t\t<\/div>\n\t\t\t\t<div class=\"elementor-element elementor-element-afcbf96 elementor-button-align-stretch elementor-widget elementor-widget-form\" data-id=\"afcbf96\" data-element_type=\"widget\" data-settings=\"{&quot;step_next_label&quot;:&quot;Nast\\u0119pne&quot;,&quot;step_previous_label&quot;:&quot;Poprzednie&quot;,&quot;button_width&quot;:&quot;100&quot;,&quot;step_type&quot;:&quot;number_text&quot;,&quot;step_icon_shape&quot;:&quot;circle&quot;}\" data-widget_type=\"form.default\">\n\t\t\t\t<div class=\"elementor-widget-container\">\n\t\t\t\t\t<form class=\"elementor-form\" method=\"post\" name=\"FORMULARZ ZG\u0141OSZENIOWY USTERKI\">\n\t\t\t<input type=\"hidden\" name=\"post_id\" value=\"40\"\/>\n\t\t\t<input type=\"hidden\" name=\"form_id\" value=\"afcbf96\"\/>\n\n\t\t\t\n\t\t\t<div class=\"elementor-form-fields-wrapper elementor-labels-above\">\n\t\t\t\t\t\t\t\t<div class=\"elementor-field-type-text elementor-field-group elementor-column elementor-field-group-name elementor-col-100 elementor-field-required elementor-mark-required\">\n\t\t\t\t\t<label for=\"form-field-name\" class=\"elementor-field-label\">Imi\u0119 i nazwisko zg\u0142aszaj\u0105cego<\/label><input size=\"1\" type=\"text\" name=\"form_fields[name]\" id=\"form-field-name\" class=\"elementor-field elementor-size-sm  elementor-field-textual\" placeholder=\"TUTAJ WPISZ IMI\u0118 I NAZWISKO\" required=\"required\" aria-required=\"true\">\t\t\t\t<\/div>\n\t\t\t\t\t\t\t\t<div class=\"elementor-field-type-email elementor-field-group elementor-column elementor-field-group-email elementor-col-100\">\n\t\t\t\t\t<label for=\"form-field-email\" class=\"elementor-field-label\">Adres e-mail zg\u0142aszaj\u0105cego<\/label><input size=\"1\" type=\"email\" name=\"form_fields[email]\" id=\"form-field-email\" class=\"elementor-field elementor-size-sm  elementor-field-textual\" placeholder=\"TUTAJ WPISZ EMAIL\">\t\t\t\t<\/div>\n\t\t\t\t\t\t\t\t<div class=\"elementor-field-type-tel elementor-field-group elementor-column elementor-field-group-field_2f08267 elementor-col-100 elementor-field-required elementor-mark-required\">\n\t\t\t\t\t<label for=\"form-field-field_2f08267\" class=\"elementor-field-label\">Numer telefonu do kontaktu<\/label><input size=\"1\" type=\"tel\" name=\"form_fields[field_2f08267]\" id=\"form-field-field_2f08267\" class=\"elementor-field elementor-size-sm  elementor-field-textual\" placeholder=\"TUTAJ WPISZ NUMER TELEFONU\" required=\"required\" aria-required=\"true\" pattern=\"[0-9()#&amp;+*-=.]+\" title=\"Only numbers and phone characters (#, -, *, etc) are accepted.\">\t\t\t\t<\/div>\n\t\t\t\t\t\t\t\t<div class=\"elementor-field-type-text elementor-field-group elementor-column elementor-field-group-field_9695863 elementor-col-100 elementor-field-required elementor-mark-required\">\n\t\t\t\t\t<label for=\"form-field-field_9695863\" class=\"elementor-field-label\">Adres gdzie nast\u0105pi\u0142a usterka<\/label><input size=\"1\" type=\"text\" name=\"form_fields[field_9695863]\" id=\"form-field-field_9695863\" class=\"elementor-field elementor-size-sm  elementor-field-textual\" placeholder=\"TUTAJ WPISZ ARES GDZIE WYST\u0104PI\u0141A USTERKA\" required=\"required\" aria-required=\"true\">\t\t\t\t<\/div>\n\t\t\t\t\t\t\t\t<div class=\"elementor-field-type-textarea elementor-field-group elementor-column elementor-field-group-message elementor-col-100 elementor-field-required elementor-mark-required\">\n\t\t\t\t\t<label for=\"form-field-message\" class=\"elementor-field-label\">Opis zg\u0142oszenia<\/label><textarea class=\"elementor-field-textual elementor-field  elementor-size-sm\" name=\"form_fields[message]\" id=\"form-field-message\" rows=\"4\" placeholder=\"TUTAJ OPISZ SWOJE ZG\u0141OSZENIE\" required=\"required\" aria-required=\"true\"><\/textarea>\t\t\t\t<\/div>\n\t\t\t\t\t\t\t\t<div class=\"elementor-field-group elementor-column elementor-field-type-submit elementor-col-100 e-form__buttons\">\n\t\t\t\t\t<button type=\"submit\" class=\"elementor-button elementor-size-sm\">\n\t\t\t\t\t\t<span >\n\t\t\t\t\t\t\t\t\t\t\t\t\t\t\t<span class=\"elementor-align-icon-right elementor-button-icon\">\n\t\t\t\t\t\t\t\t\t<i aria-hidden=\"true\" class=\"fas fa-arrow-alt-circle-right\"><\/i>\t\t\t\t\t\t\t\t\t\t\t\t\t\t\t\t\t<\/span>\n\t\t\t\t\t\t\t\t\t\t\t\t\t\t\t\t\t\t\t\t\t\t<span class=\"elementor-button-text\">Wy\u015blij<\/span>\n\t\t\t\t\t\t\t\t\t\t\t\t\t<\/span>\n\t\t\t\t\t<\/button>\n\t\t\t\t<\/div>\n\t\t\t<\/div>\n\t\t<\/form>\n\t\t\t\t<\/div>\n\t\t\t\t<\/div>\n\t\t\t\t\t\t<\/div>\n\t\t\t\t\t<\/div>\n\t\t<\/div>\n\t\t\t\t\t\t\t\t<\/div>\n\t\t\t\t\t<\/div>\n\t\t<\/section>\n\t\t\t\t<section class=\"elementor-section elementor-top-section elementor-element elementor-element-777b90a elementor-section-boxed elementor-section-height-default elementor-section-height-default\" data-id=\"777b90a\" data-element_type=\"section\">\n\t\t\t\t\t\t<div class=\"elementor-container elementor-column-gap-default\">\n\t\t\t\t\t\t\t<div class=\"elementor-row\">\n\t\t\t\t\t<div class=\"elementor-column elementor-col-100 elementor-top-column elementor-element elementor-element-a71501d\" data-id=\"a71501d\" data-element_type=\"column\">\n\t\t\t<div class=\"elementor-column-wrap\">\n\t\t\t\t\t\t\t<div class=\"elementor-widget-wrap\">\n\t\t\t\t\t\t\t\t<\/div>\n\t\t\t\t\t<\/div>\n\t\t<\/div>\n\t\t\t\t\t\t\t\t<\/div>\n\t\t\t\t\t<\/div>\n\t\t<\/section>\n\t\t\t\t\t\t<\/div>\n\t\t\t\t\t\t<\/div>\n\t\t\t\t\t<\/div>\n\t\t","protected":false},"excerpt":{"rendered":"<p>Awarie mo\u017cna zg\u0142asza\u0107 w dni robocze w godzinach 7:00 &#8211; 15:00 za pomoc\u0105 numer\u00f3w telefon\u00f3w: 44 755 06 48 44 755 31 51 Zg\u0142oszenia w dni robocze, dni wolne i \u015bwi\u0119ta (Poniedzia\u0142ek-Niedziela: 7:00 &#8211; 20:00) za pomoc\u0105 numer\u00f3w telefon\u00f3w: Elektryczne: tel. 502 143 905 Hydrauliczne: tel. 502 143 906 O\u015bwietlenie uliczne: tel. 501 180 151 FORMULARZ ZG\u0141OSZENIOWY ONLINE<\/p>\n","protected":false},"author":1,"featured_media":0,"parent":0,"menu_order":0,"comment_status":"closed","ping_status":"closed","template":"","meta":[],"_links":{"self":[{"href":"https:\/\/zgmopoczno.pl\/index.php\/wp-json\/wp\/v2\/pages\/40"}],"collection":[{"href":"https:\/\/zgmopoczno.pl\/index.php\/wp-json\/wp\/v2\/pages"}],"about":[{"href":"https:\/\/zgmopoczno.pl\/index.php\/wp-json\/wp\/v2\/types\/page"}],"author":[{"embeddable":true,"href":"https:\/\/zgmopoczno.pl\/index.php\/wp-json\/wp\/v2\/users\/1"}],"replies":[{"embeddable":true,"href":"https:\/\/zgmopoczno.pl\/index.php\/wp-json\/wp\/v2\/comments?post=40"}],"version-history":[{"count":73,"href":"https:\/\/zgmopoczno.pl\/index.php\/wp-json\/wp\/v2\/pages\/40\/revisions"}],"predecessor-version":[{"id":1290,"href":"https:\/\/zgmopoczno.pl\/index.php\/wp-json\/wp\/v2\/pages\/40\/revisions\/1290"}],"wp:attachment":[{"href":"https:\/\/zgmopoczno.pl\/index.php\/wp-json\/wp\/v2\/media?parent=40"}],"curies":[{"name":"wp","href":"https:\/\/api.w.org\/{rel}","templated":true}]}}