{"id":1317,"date":"2024-09-23T12:50:55","date_gmt":"2024-09-23T10:50:55","guid":{"rendered":"https:\/\/zgmopoczno.pl\/?page_id=1317"},"modified":"2024-09-24T21:26:27","modified_gmt":"2024-09-24T19:26:27","slug":"o-nas","status":"publish","type":"page","link":"https:\/\/zgmopoczno.pl\/index.php\/o-nas\/","title":{"rendered":"O nas"},"content":{"rendered":"\t\t<div data-elementor-type=\"wp-page\" data-elementor-id=\"1317\" class=\"elementor elementor-1317\" data-elementor-settings=\"[]\">\n\t\t\t\t\t\t<div class=\"elementor-inner\">\n\t\t\t\t\t\t\t<div class=\"elementor-section-wrap\">\n\t\t\t\t\t\t\t<section class=\"elementor-section elementor-top-section elementor-element elementor-element-101eb56 elementor-section-boxed elementor-section-height-default elementor-section-height-default\" data-id=\"101eb56\" data-element_type=\"section\">\n\t\t\t\t\t\t<div class=\"elementor-container elementor-column-gap-default\">\n\t\t\t\t\t\t\t<div class=\"elementor-row\">\n\t\t\t\t\t<div class=\"elementor-column elementor-col-100 elementor-top-column elementor-element elementor-element-097b830\" data-id=\"097b830\" data-element_type=\"column\">\n\t\t\t<div class=\"elementor-column-wrap elementor-element-populated\">\n\t\t\t\t\t\t\t<div class=\"elementor-widget-wrap\">\n\t\t\t\t\t\t<div class=\"elementor-element elementor-element-ec5bedf elementor-view-default elementor-widget elementor-widget-icon\" data-id=\"ec5bedf\" data-element_type=\"widget\" data-widget_type=\"icon.default\">\n\t\t\t\t<div class=\"elementor-widget-container\">\n\t\t\t\t\t<div class=\"elementor-icon-wrapper\">\n\t\t\t<div class=\"elementor-icon\">\n\t\t\t<i aria-hidden=\"true\" class=\"fas fa-users\"><\/i>\t\t\t<\/div>\n\t\t<\/div>\n\t\t\t\t<\/div>\n\t\t\t\t<\/div>\n\t\t\t\t<div class=\"elementor-element elementor-element-2023cfd elementor-headline--style-highlight elementor-widget elementor-widget-animated-headline\" data-id=\"2023cfd\" data-element_type=\"widget\" data-settings=\"{&quot;highlighted_text&quot;:&quot;NAS&quot;,&quot;headline_style&quot;:&quot;highlight&quot;,&quot;marker&quot;:&quot;circle&quot;}\" data-widget_type=\"animated-headline.default\">\n\t\t\t\t<div class=\"elementor-widget-container\">\n\t\t\t\t\t<h3 class=\"elementor-headline\">\n\t\t\t\t\t\t\t<span class=\"elementor-headline-plain-text elementor-headline-text-wrapper\">O<\/span>\n\t\t\t\t\t\t<span class=\"elementor-headline-dynamic-wrapper elementor-headline-text-wrapper\"><\/span>\n\t\t\t\t\t<\/h3>\n\t\t\t\t<\/div>\n\t\t\t\t<\/div>\n\t\t\t\t\t\t<\/div>\n\t\t\t\t\t<\/div>\n\t\t<\/div>\n\t\t\t\t\t\t\t\t<\/div>\n\t\t\t\t\t<\/div>\n\t\t<\/section>\n\t\t\t\t<section class=\"elementor-section elementor-top-section elementor-element elementor-element-70f1983 elementor-section-boxed elementor-section-height-default elementor-section-height-default\" data-id=\"70f1983\" data-element_type=\"section\">\n\t\t\t\t\t\t<div class=\"elementor-container elementor-column-gap-default\">\n\t\t\t\t\t\t\t<div class=\"elementor-row\">\n\t\t\t\t\t<div class=\"elementor-column elementor-col-100 elementor-top-column elementor-element elementor-element-e42f51d\" data-id=\"e42f51d\" data-element_type=\"column\">\n\t\t\t<div class=\"elementor-column-wrap elementor-element-populated\">\n\t\t\t\t\t\t\t<div class=\"elementor-widget-wrap\">\n\t\t\t\t\t\t<div class=\"elementor-element elementor-element-0f777d5 elementor-widget elementor-widget-text-editor\" data-id=\"0f777d5\" data-element_type=\"widget\" data-widget_type=\"text-editor.default\">\n\t\t\t\t<div class=\"elementor-widget-container\">\n\t\t\t\t\t<div class=\"elementor-text-editor elementor-clearfix\"><p style=\"text-align: center;\">Zak\u0142ad Gospodarki Mieszkaniowej Sp. z o.o. w Opocznie jest sp\u00f3\u0142k\u0105 prawa handlowego z wieloletnim do\u015bwiadczeniem na rynku zarz\u0105dzania nieruchomo\u015bciami. Swoj\u0105 dzia\u0142alno\u015b\u0107 rozpocz\u0119\u0142a w styczniu 1995r. Jest instytucj\u0105 posiadaj\u0105c\u0105 profesjonalne zaplecze kadrowe i techniczne. Celem Sp\u00f3\u0142ki jest utrzymanie dobrego stanu technicznego powierzonych w administrowanie zasob\u00f3w mieszkaniowych oraz utrzymanie w czysto\u015bci zieleni na terenie po\u0142o\u017conym w gminie Opoczno.<\/p><\/div>\n\t\t\t\t<\/div>\n\t\t\t\t<\/div>\n\t\t\t\t\t\t<\/div>\n\t\t\t\t\t<\/div>\n\t\t<\/div>\n\t\t\t\t\t\t\t\t<\/div>\n\t\t\t\t\t<\/div>\n\t\t<\/section>\n\t\t\t\t<section class=\"elementor-section elementor-top-section elementor-element elementor-element-8152cba elementor-section-boxed elementor-section-height-default elementor-section-height-default\" data-id=\"8152cba\" data-element_type=\"section\">\n\t\t\t\t\t\t<div class=\"elementor-container elementor-column-gap-default\">\n\t\t\t\t\t\t\t<div class=\"elementor-row\">\n\t\t\t\t\t<div class=\"elementor-column elementor-col-100 elementor-top-column elementor-element elementor-element-2b59180\" data-id=\"2b59180\" data-element_type=\"column\">\n\t\t\t<div class=\"elementor-column-wrap elementor-element-populated\">\n\t\t\t\t\t\t\t<div class=\"elementor-widget-wrap\">\n\t\t\t\t\t\t<div class=\"elementor-element elementor-element-79391ee elementor-widget elementor-widget-table\" data-id=\"79391ee\" data-element_type=\"widget\" data-widget_type=\"table.default\">\n\t\t\t\t<div class=\"elementor-widget-container\">\n\t\t\t\t\t\n\t\t<table class=\"ee-table ee-table--even ee-table--rules\">\n\n\t\t\t\t\t\t<colgroup>\n\t\t\t\t\t\t\t\t<col span=\"1\" class=\"elementor-repeater-item-6364bab\">\n\t\t\t\t\t\t\t<\/colgroup>\n\t\t<thead>\n\t\t\t<tr class=\"ee-table__row\">\n\n\t\t\t<th class=\"ee-table__cell elementor-repeater-item-5228803\">\n\t\t\t\t\t<span class=\"ee-table__text\"><span class=\"ee-table__text__inner\">Nazwa firmy:<\/span>\n\n\t\t\t\t\t\t\n\t\t\t\t\t<\/span>\n\t\t\t\t<\/th>\n\n\t\t\t<th class=\"ee-table__cell elementor-repeater-item-46b8962\">\n\t\t\t\t\t<span class=\"ee-table__text\"><span class=\"ee-table__text__inner\">Zak\u0142ad Gospodarki Mieszkaniowej Sp\u00f3\u0142ka z ograniczon\u0105 odpowiedzialno\u015bci\u0105 w Opocznie<\/span>\n\n\t\t\t\t\t\t\n\t\t\t\t\t<\/span>\n\t\t\t\t<\/th>\n\n\t\t\t\t\t\t<\/tr>\n\t\t<\/thead><tbody><tr class=\"ee-table__row elementor-repeater-item-2c4c4ee\">\n\t\t<td class=\"ee-table__cell elementor-repeater-item-f9950b1\">\n\t\t\t<span class=\"ee-table__text\"><span class=\"ee-table__text__inner\">Nazwa skr\u00f3cona:<\/span>\n\n\t\t\t<\/span>\n\t\t<\/td><td class=\"ee-table__cell elementor-repeater-item-48bae23\">\n\t\t\t<span class=\"ee-table__text\"><span class=\"ee-table__text__inner\">ZGM Sp. z o.o. w Opocznie<\/span>\n\n\t\t\t<\/span>\n\t\t<\/td><\/tr><tr class=\"ee-table__row elementor-repeater-item-573fd45\">\n\n\t\t<th class=\"ee-table__cell elementor-repeater-item-e6d5c66\">\n\t\t\t<span class=\"ee-table__text\"><span class=\"ee-table__text__inner\">Forma prawna:<\/span>\n\n\t\t\t<\/span>\n\t\t<\/th><th class=\"ee-table__cell elementor-repeater-item-7786479\">\n\t\t\t<span class=\"ee-table__text\"><span class=\"ee-table__text__inner\">Sp\u00f3\u0142ka z ograniczon\u0105 odpowiedzialno\u015bci\u0105<\/span>\n\n\t\t\t<\/span>\n\t\t<\/th><\/tr><tr class=\"ee-table__row elementor-repeater-item-365b320\">\n\n\t\t<td class=\"ee-table__cell elementor-repeater-item-e58d80d\">\n\t\t\t<span class=\"ee-table__text\"><span class=\"ee-table__text__inner\">Adres:<\/span>\n\n\t\t\t<\/span>\n\t\t<\/td><td class=\"ee-table__cell elementor-repeater-item-b94304c\">\n\t\t\t<span class=\"ee-table__text\"><span class=\"ee-table__text__inner\">Pl. T. Ko\u015bciuszki 1, 26-300 Opoczno<\/span>\n\n\t\t\t<\/span>\n\t\t<\/td><\/tr><tr class=\"ee-table__row elementor-repeater-item-3890280\">\n\n\t\t<th class=\"ee-table__cell elementor-repeater-item-fc1da21\">\n\t\t\t<span class=\"ee-table__text\"><span class=\"ee-table__text__inner\">Kapita\u0142 zak\u0142adowy:<\/span>\n\n\t\t\t<\/span>\n\t\t<\/th><th class=\"ee-table__cell elementor-repeater-item-b6eeec2\">\n\t\t\t<span class=\"ee-table__text\"><span class=\"ee-table__text__inner\">1 184 000,00 z\u0142<\/span>\n\n\t\t\t<\/span>\n\t\t<\/th><\/tr><tr class=\"ee-table__row elementor-repeater-item-a998389\">\n\n\t\t<td class=\"ee-table__cell elementor-repeater-item-fae0659\">\n\t\t\t<span class=\"ee-table__text\"><span class=\"ee-table__text__inner\">KRS:<\/span>\n\n\t\t\t<\/span>\n\t\t<\/td><td class=\"ee-table__cell elementor-repeater-item-a52dd5a\">\n\t\t\t<span class=\"ee-table__text\"><span class=\"ee-table__text__inner\">Nr 0000080843<\/span>\n\n\t\t\t<\/span>\n\t\t<\/td><\/tr><tr class=\"ee-table__row elementor-repeater-item-d2828b9\">\n\n\t\t<th class=\"ee-table__cell elementor-repeater-item-fd46766\">\n\t\t\t<span class=\"ee-table__text\"><span class=\"ee-table__text__inner\">S\u0105d:<\/span>\n\n\t\t\t<\/span>\n\t\t<\/th><th class=\"ee-table__cell elementor-repeater-item-5aae0af\">\n\t\t\t<span class=\"ee-table__text\"><span class=\"ee-table__text__inner\">S\u0104D REJONOWY DLA \u0141ODZI \u015aR\u00d3DMIE\u015aCIA W \u0141ODZI, XX WYDZIA\u0141 GOSPODARCZY KRAJOWEGO REJESTRU S\u0104DOWEGO<\/span>\n\n\t\t\t<\/span>\n\t\t<\/th><\/tr><tr class=\"ee-table__row elementor-repeater-item-be01b81\">\n\n\t\t<td class=\"ee-table__cell elementor-repeater-item-8834a7d\">\n\t\t\t<span class=\"ee-table__text\"><span class=\"ee-table__text__inner\">NIP:<\/span>\n\n\t\t\t<\/span>\n\t\t<\/td><td class=\"ee-table__cell elementor-repeater-item-d23bf00\">\n\t\t\t<span class=\"ee-table__text\"><span class=\"ee-table__text__inner\">7681645485<\/span>\n\n\t\t\t<\/span>\n\t\t<\/td><\/tr><tr class=\"ee-table__row elementor-repeater-item-28122b5\">\n\n\t\t<th class=\"ee-table__cell elementor-repeater-item-f0633c2\">\n\t\t\t<span class=\"ee-table__text\"><span class=\"ee-table__text__inner\">REGON:<\/span>\n\n\t\t\t<\/span>\n\t\t<\/th><th class=\"ee-table__cell elementor-repeater-item-1541f7a\">\n\t\t\t<span class=\"ee-table__text\"><span class=\"ee-table__text__inner\">592164094<\/span>\n\n\t\t\t<\/span>\n\t\t<\/th><\/tr>\n\t\t\t<\/tbody>\n\t\t<\/table>\n\n\t\t\t\t<\/div>\n\t\t\t\t<\/div>\n\t\t\t\t\t\t<\/div>\n\t\t\t\t\t<\/div>\n\t\t<\/div>\n\t\t\t\t\t\t\t\t<\/div>\n\t\t\t\t\t<\/div>\n\t\t<\/section>\n\t\t\t\t\t\t<\/div>\n\t\t\t\t\t\t<\/div>\n\t\t\t\t\t<\/div>\n\t\t","protected":false},"excerpt":{"rendered":"<p>O Zak\u0142ad Gospodarki Mieszkaniowej Sp. z o.o. w Opocznie jest sp\u00f3\u0142k\u0105 prawa handlowego z wieloletnim do\u015bwiadczeniem na rynku zarz\u0105dzania nieruchomo\u015bciami. Swoj\u0105 dzia\u0142alno\u015b\u0107 rozpocz\u0119\u0142a w styczniu 1995r. Jest instytucj\u0105 posiadaj\u0105c\u0105 profesjonalne zaplecze kadrowe i techniczne. Celem Sp\u00f3\u0142ki jest utrzymanie dobrego stanu technicznego powierzonych w administrowanie zasob\u00f3w mieszkaniowych oraz utrzymanie w czysto\u015bci zieleni na terenie po\u0142o\u017conym w gminie Opoczno. Nazwa firmy: Zak\u0142ad Gospodarki Mieszkaniowej Sp\u00f3\u0142ka z ograniczon\u0105 odpowiedzialno\u015bci\u0105 w Opocznie Nazwa skr\u00f3cona: ZGM Sp. z o.o. w Opocznie Forma prawna: Sp\u00f3\u0142ka z ograniczon\u0105 odpowiedzialno\u015bci\u0105 Adres: Pl. T. Ko\u015bciuszki 1, 26-300 Opoczno Kapita\u0142 zak\u0142adowy: 1 184 000,00 z\u0142 KRS: Nr 0000080843 S\u0105d: S\u0104D REJONOWY DLA \u0141ODZI \u015aR\u00d3DMIE\u015aCIA W \u0141ODZI, XX WYDZIA\u0141 GOSPODARCZY KRAJOWEGO REJESTRU S\u0104DOWEGO NIP: 7681645485 REGON: 592164094<\/p>\n","protected":false},"author":1,"featured_media":0,"parent":0,"menu_order":0,"comment_status":"closed","ping_status":"closed","template":"","meta":[],"_links":{"self":[{"href":"https:\/\/zgmopoczno.pl\/index.php\/wp-json\/wp\/v2\/pages\/1317"}],"collection":[{"href":"https:\/\/zgmopoczno.pl\/index.php\/wp-json\/wp\/v2\/pages"}],"about":[{"href":"https:\/\/zgmopoczno.pl\/index.php\/wp-json\/wp\/v2\/types\/page"}],"author":[{"embeddable":true,"href":"https:\/\/zgmopoczno.pl\/index.php\/wp-json\/wp\/v2\/users\/1"}],"replies":[{"embeddable":true,"href":"https:\/\/zgmopoczno.pl\/index.php\/wp-json\/wp\/v2\/comments?post=1317"}],"version-history":[{"count":19,"href":"https:\/\/zgmopoczno.pl\/index.php\/wp-json\/wp\/v2\/pages\/1317\/revisions"}],"predecessor-version":[{"id":1388,"href":"https:\/\/zgmopoczno.pl\/index.php\/wp-json\/wp\/v2\/pages\/1317\/revisions\/1388"}],"wp:attachment":[{"href":"https:\/\/zgmopoczno.pl\/index.php\/wp-json\/wp\/v2\/media?parent=1317"}],"curies":[{"name":"wp","href":"https:\/\/api.w.org\/{rel}","templated":true}]}}